{"id":20,"date":"2018-05-04T11:30:14","date_gmt":"2018-05-04T09:30:14","guid":{"rendered":"http:\/\/knforex.pl\/zzg\/?page_id=20"},"modified":"2023-03-11T23:40:06","modified_gmt":"2023-03-11T22:40:06","slug":"wladze","status":"publish","type":"page","link":"http:\/\/zzgsosnica.pl\/index.php\/wladze\/","title":{"rendered":"W\u0142adze"},"content":{"rendered":"\t\t<div data-elementor-type=\"wp-post\" data-elementor-id=\"20\" class=\"elementor elementor-20\">\n\t\t\t\t\t\t<section class=\"elementor-section elementor-top-section elementor-element elementor-element-a08d3b5 elementor-section-boxed elementor-section-height-default elementor-section-height-default\" data-id=\"a08d3b5\" data-element_type=\"section\" data-e-type=\"section\">\n\t\t\t\t\t\t<div class=\"elementor-container elementor-column-gap-default\">\n\t\t\t\t\t<div class=\"elementor-column elementor-col-100 elementor-top-column elementor-element elementor-element-75b27a46\" data-id=\"75b27a46\" data-element_type=\"column\" data-e-type=\"column\">\n\t\t\t<div class=\"elementor-widget-wrap elementor-element-populated\">\n\t\t\t\t\t\t<div class=\"elementor-element elementor-element-2741bf7b elementor-widget elementor-widget-text-editor\" data-id=\"2741bf7b\" data-element_type=\"widget\" data-e-type=\"widget\" data-widget_type=\"text-editor.default\">\n\t\t\t\t<div class=\"elementor-widget-container\">\n\t\t\t\t\t\t\t\t\t<p style=\"text-align: center;\"><strong><span style=\"color: #ff00ff;\">W\u0142adze <\/span><span style=\"color: #ff00ff; text-align: center;\">Zwi\u0105zku\u00a0 <\/span><span style=\"color: #ff00ff; text-align: center;\">KWK So\u015bnica&#8221; na lata 2023-2028<\/span><\/strong><\/p><p style=\"text-align: center;\"><span style=\"color: #ff0000;\"><strong>ZARZ\u0104D ZWI\u0104ZKU:<\/strong><\/span><\/p><p style=\"text-align: center;\">PYTLARZ Krzysztof &#8211; <strong>Przewodnicz\u0105cy<\/strong><br \/>GARBACZ Tomasz &#8211; <strong>Wiceprzewodnicz\u0105cy<\/strong><\/p><p style=\"text-align: center;\"><span style=\"font-size: 19px; color: var( --e-global-color-text );\">BADURA Bernard<\/span><\/p><p style=\"text-align: center;\"><span style=\"font-size: 19px; color: var( --e-global-color-text );\">GRZEJA Bernard<\/span><\/p><p style=\"text-align: center;\">J\u0118DRALCZYK Micha\u0142<\/p><p style=\"text-align: center;\"><span style=\"font-size: 19px; color: var( --e-global-color-text );\">ROSO\u0141OWSKA Bernadeta<\/span><\/p><p style=\"text-align: center;\">RZEPKA Jakub<\/p><p style=\"text-align: center;\">SZMALEC Wies\u0142aw<\/p><p style=\"text-align: center;\">TYSZKO Julian (przewodnicz\u0105cy Ko\u0142a Rencist\u00f3w i Emeryt\u00f3w)<\/p><p style=\"text-align: center;\"><span style=\"color: #ff0000;\"><strong>ZAK\u0141ADOWA KOMISJA REWIZYJNA<\/strong><\/span><br \/>ZIENKIEWICZ Stanis\u0142aw- <strong>Przewodnicz\u0105cy<\/strong><br \/>ZAPA\u0141A Przemys\u0142aw\u00a0<\/p>\t\t\t\t\t\t\t\t<\/div>\n\t\t\t\t<\/div>\n\t\t\t\t\t<\/div>\n\t\t<\/div>\n\t\t\t\t\t<\/div>\n\t\t<\/section>\n\t\t\t\t<\/div>\n\t\t","protected":false},"excerpt":{"rendered":"<p>W\u0142adze Zwi\u0105zku\u00a0 KWK So\u015bnica&#8221; na lata 2023-2028 ZARZ\u0104D ZWI\u0104ZKU: PYTLARZ Krzysztof &#8211; Przewodnicz\u0105cyGARBACZ Tomasz &#8211; Wiceprzewodnicz\u0105cy BADURA Bernard GRZEJA Bernard J\u0118DRALCZYK Micha\u0142 ROSO\u0141OWSKA Bernadeta RZEPKA Jakub SZMALEC Wies\u0142aw TYSZKO Julian (przewodnicz\u0105cy Ko\u0142a Rencist\u00f3w i Emeryt\u00f3w) ZAK\u0141ADOWA KOMISJA REWIZYJNAZIENKIEWICZ Stanis\u0142aw- Przewodnicz\u0105cyZAPA\u0141A Przemys\u0142aw\u00a0<\/p>\n","protected":false},"author":1,"featured_media":0,"parent":0,"menu_order":0,"comment_status":"closed","ping_status":"closed","template":"","meta":{"footnotes":""},"class_list":["post-20","page","type-page","status-publish","hentry"],"_links":{"self":[{"href":"http:\/\/zzgsosnica.pl\/index.php\/wp-json\/wp\/v2\/pages\/20","targetHints":{"allow":["GET"]}}],"collection":[{"href":"http:\/\/zzgsosnica.pl\/index.php\/wp-json\/wp\/v2\/pages"}],"about":[{"href":"http:\/\/zzgsosnica.pl\/index.php\/wp-json\/wp\/v2\/types\/page"}],"author":[{"embeddable":true,"href":"http:\/\/zzgsosnica.pl\/index.php\/wp-json\/wp\/v2\/users\/1"}],"replies":[{"embeddable":true,"href":"http:\/\/zzgsosnica.pl\/index.php\/wp-json\/wp\/v2\/comments?post=20"}],"version-history":[{"count":54,"href":"http:\/\/zzgsosnica.pl\/index.php\/wp-json\/wp\/v2\/pages\/20\/revisions"}],"predecessor-version":[{"id":4210,"href":"http:\/\/zzgsosnica.pl\/index.php\/wp-json\/wp\/v2\/pages\/20\/revisions\/4210"}],"wp:attachment":[{"href":"http:\/\/zzgsosnica.pl\/index.php\/wp-json\/wp\/v2\/media?parent=20"}],"curies":[{"name":"wp","href":"https:\/\/api.w.org\/{rel}","templated":true}]}}