{"id":37,"date":"2018-05-04T13:14:18","date_gmt":"2018-05-04T11:14:18","guid":{"rendered":"http:\/\/knforex.pl\/zzg\/?page_id=37"},"modified":"2019-05-20T11:02:03","modified_gmt":"2019-05-20T09:02:03","slug":"kontakt","status":"publish","type":"page","link":"http:\/\/zzgsosnica.pl\/index.php\/kontakt\/","title":{"rendered":"Kontakt"},"content":{"rendered":"<h1 style=\"text-align: center;\">Dane kontaktowe<\/h1>\n<p><b>Zwi\u0105zek Zawodowy G\u00f3rnik\u00f3w w Polsce<br \/>\nKWK &#8222;So\u015bnica&#8221;<\/b><\/p>\n<p><b> 44-100 Gliwice ul. B\u0142onie 6<br \/>\n<\/b><\/p>\n<ul>\n<li>tel: (32) 717-86-59<\/li>\n<li>fax: (32) 717-84-62<\/li>\n<\/ul>\n<p style=\"text-align: center;\">Pracujemy: od poniedzia\u0142ku do pi\u0105tku w godz: 6:00\u00a0 &#8211;\u00a0 14:30<\/p>\n<p style=\"text-align: center;\">\u00a0\u00a0\u00a0\u00a0\u00a0\u00a0\u00a0\u00a0\u00a0\u00a0\u00a0\u00a0\u00a0\u00a0\u00a0\u00a0\u00a0\u00a0\u00a0\u00a0\u00a0\u00a0\u00a0\u00a0\u00a0\u00a0\u00a0\u00a0\u00a0\u00a0\u00a0\u00a0\u00a0\u00a0\u00a0\u00a0\u00a0\u00a0\u00a0\u00a0\u00a0\u00a0\u00a0\u00a0\u00a0\u00a0\u00a0\u00a0\u00a0\u00a0\u00a0\u00a0\u00a0\u00a0\u00a0\u00a0 w \u015brody w godz: 6.00 &#8211; 15.00<\/p>\n<h2 style=\"text-align: center;\">Znajdziesz nas w budynku zwi\u0105zkowym KWK So\u015bnica<\/h2>\n<p><iframe src=\"https:\/\/maps.google.com\/maps?q=PGG%20KWK%20So%C5%9Bnica&amp;t=m&amp;z=14&amp;output=embed&amp;iwloc=near\" width=\"300\" height=\"150\" frameborder=\"0\" marginwidth=\"0\" marginheight=\"0\" scrolling=\"no\" aria-label=\"PGG KWK So\u015bnica\"><\/iframe><\/p>\n","protected":false},"excerpt":{"rendered":"<p>Dane kontaktowe Zwi\u0105zek Zawodowy G\u00f3rnik\u00f3w w Polsce KWK &#8222;So\u015bnica&#8221; 44-100 Gliwice ul. B\u0142onie 6 tel: (32) 717-86-59 fax: (32) 717-84-62 Pracujemy: od poniedzia\u0142ku do pi\u0105tku w godz: 6:00\u00a0 &#8211;\u00a0 14:30 \u00a0\u00a0\u00a0\u00a0\u00a0\u00a0\u00a0\u00a0\u00a0\u00a0\u00a0\u00a0\u00a0\u00a0\u00a0\u00a0\u00a0\u00a0\u00a0\u00a0\u00a0\u00a0\u00a0\u00a0\u00a0\u00a0\u00a0\u00a0\u00a0\u00a0\u00a0\u00a0\u00a0\u00a0\u00a0\u00a0\u00a0\u00a0\u00a0\u00a0\u00a0\u00a0\u00a0\u00a0\u00a0\u00a0\u00a0\u00a0\u00a0\u00a0\u00a0\u00a0\u00a0\u00a0\u00a0\u00a0 w \u015brody w godz: 6.00 &#8211; 15.00 Znajdziesz nas w budynku zwi\u0105zkowym KWK So\u015bnica<\/p>\n","protected":false},"author":1,"featured_media":44,"parent":0,"menu_order":0,"comment_status":"closed","ping_status":"closed","template":"","meta":{"footnotes":""},"class_list":["post-37","page","type-page","status-publish","has-post-thumbnail","hentry"],"_links":{"self":[{"href":"http:\/\/zzgsosnica.pl\/index.php\/wp-json\/wp\/v2\/pages\/37","targetHints":{"allow":["GET"]}}],"collection":[{"href":"http:\/\/zzgsosnica.pl\/index.php\/wp-json\/wp\/v2\/pages"}],"about":[{"href":"http:\/\/zzgsosnica.pl\/index.php\/wp-json\/wp\/v2\/types\/page"}],"author":[{"embeddable":true,"href":"http:\/\/zzgsosnica.pl\/index.php\/wp-json\/wp\/v2\/users\/1"}],"replies":[{"embeddable":true,"href":"http:\/\/zzgsosnica.pl\/index.php\/wp-json\/wp\/v2\/comments?post=37"}],"version-history":[{"count":13,"href":"http:\/\/zzgsosnica.pl\/index.php\/wp-json\/wp\/v2\/pages\/37\/revisions"}],"predecessor-version":[{"id":1445,"href":"http:\/\/zzgsosnica.pl\/index.php\/wp-json\/wp\/v2\/pages\/37\/revisions\/1445"}],"wp:featuredmedia":[{"embeddable":true,"href":"http:\/\/zzgsosnica.pl\/index.php\/wp-json\/wp\/v2\/media\/44"}],"wp:attachment":[{"href":"http:\/\/zzgsosnica.pl\/index.php\/wp-json\/wp\/v2\/media?parent=37"}],"curies":[{"name":"wp","href":"https:\/\/api.w.org\/{rel}","templated":true}]}}